{"id":26,"date":"2023-06-21T14:30:41","date_gmt":"2023-06-21T14:30:41","guid":{"rendered":"https:\/\/conniebalduzzi.me\/home\/?page_id=26"},"modified":"2025-12-03T17:58:46","modified_gmt":"2025-12-03T17:58:46","slug":"about","status":"publish","type":"page","link":"https:\/\/conniebalduzzi.me\/?page_id=26","title":{"rendered":"ABOUT"},"content":{"rendered":"\n<div class=\"row\"  id=\"row-1000965567\">\n\n\n\t<div id=\"col-1823374044\" class=\"col small-12 large-12\"  >\n\t\t\t\t<div class=\"col-inner\"  >\n\t\t\t\n\t\t\t\n\n<div class=\"container section-title-container\" ><h1 class=\"section-title section-title-center\"><b><\/b><span class=\"section-title-main\" >About<\/span><b><\/b><\/h1><\/div>\n\n\n\t\t<\/div>\n\t\t\t\t\t<\/div>\n\n\t\n\n<\/div>\n<div class=\"row\"  id=\"row-1055377358\">\n\n\n\t<div id=\"col-52771688\" class=\"col medium-6 small-12 large-6\"  >\n\t\t\t\t<div class=\"col-inner\"  >\n\t\t\t\n\t\t\t\n\n<p>She is a renowned Argentine\/Italian costume designer. Among her works, several international productions can be highlighted: \u201cBlood The Last Vampire\u201d (2009), \u201cLucky Luke\u201d (2009), \u201cThe German Friend\u201d (2012), \u201cFocus\u201d (2015), \u201cTini el gran Cambio de Violeta\u201d (2016) \u201cColonia\u201d (2017), \u201cOperation Finale\u201d (2018) \u201cUn Crimen Argentino\u201d (2022) Nominated for the \u201cSilver Condor Awards\u201d and \u201c Sur Awards\u201d \u201cNADA\u201d (2023). In 2004 she shoot \u201cEl Rat\u00f3n P\u00e9rez\u201d, her first film as a costume designer, for which she was nominated for the Silver C\u00f3ndor Awards. In 2003 she obtained a special mention for best original costumes at the IV National Children&#8217;s Theater Competition for her work in the play \u201cHeidi\u201d. She had worked with important international actors including Sir Ben Kingsley, Emma Watson, Will Smith, Daniel Bruhl, Oscar Isaac, Melanie Laurent, Ricardo Darin, Francesc Orella, Angela Molina, Peter Stauss, Luis Brandoni, Robert De Niro, among others. In 2018 he began collaborating in productions for platforms. For \u201cMaradona Sue\u00f1o Bendito\u201d (2021), her first work in a series is nominated for the Silver C\u00f3ndor Awards for best costume design. Her most recent projects were in collaboration with directors Mariano Cohn and Gast\u00f3n Duprat in the series NADA, El ENCARGADO, BELLAS ARTES Nominated for the Yvonne Blake Awards and HOMO ARGENTUM Nominated for the Martin Fierro Awards for best Costume Design.<\/p>\n<a href=\"https:\/\/conniebalduzzi.me\/wp-content\/uploads\/2024\/02\/RESUME-Connie-Balduzzi-.docx\" target=\"_blank\" class=\"button white is-outline\" rel=\"noopener\"  >\n\t\t<span>Download RESUME<\/span>\n\t<\/a>\n\n\n\t<div class=\"img has-hover x md-x lg-x y md-y lg-y\" id=\"image_139371730\">\n\t\t\t\t\t\t\t\t<div class=\"img-inner dark\" >\n\t\t\t<img loading=\"lazy\" decoding=\"async\" width=\"826\" height=\"588\" src=\"https:\/\/conniebalduzzi.me\/wp-content\/uploads\/2024\/02\/Screen-Shot-2024-02-15-at-3.06.12-PM.png\" class=\"attachment-large size-large\" alt=\"\" srcset=\"https:\/\/conniebalduzzi.me\/wp-content\/uploads\/2024\/02\/Screen-Shot-2024-02-15-at-3.06.12-PM.png 826w, https:\/\/conniebalduzzi.me\/wp-content\/uploads\/2024\/02\/Screen-Shot-2024-02-15-at-3.06.12-PM-300x214.png 300w, https:\/\/conniebalduzzi.me\/wp-content\/uploads\/2024\/02\/Screen-Shot-2024-02-15-at-3.06.12-PM-768x547.png 768w\" sizes=\"auto, (max-width: 826px) 100vw, 826px\" \/>\t\t\t\t\t\t\n\t\t\t\t\t<\/div>\n\t\t\t\t\t\t\t\t\n<style>\n#image_139371730 {\n  width: 100%;\n}\n<\/style>\n\t<\/div>\n\t\n\n\n\t\t<\/div>\n\t\t\t\t\t<\/div>\n\n\t\n\n\t<div id=\"col-343789750\" class=\"col medium-6 small-12 large-6\"  >\n\t\t\t\t<div class=\"col-inner\"  >\n\t\t\t\n\t\t\t\n\n\t<div class=\"img has-hover x md-x lg-x y md-y lg-y\" id=\"image_330155933\">\n\t\t\t\t\t\t\t\t<div class=\"img-inner dark\" >\n\t\t\t<img loading=\"lazy\" decoding=\"async\" width=\"1020\" height=\"765\" src=\"https:\/\/conniebalduzzi.me\/wp-content\/uploads\/2024\/02\/bf550144-2cc7-4cad-8144-53f1b65dbb22-1024x768.jpg\" class=\"attachment-large size-large\" alt=\"\" srcset=\"https:\/\/conniebalduzzi.me\/wp-content\/uploads\/2024\/02\/bf550144-2cc7-4cad-8144-53f1b65dbb22-1024x768.jpg 1024w, https:\/\/conniebalduzzi.me\/wp-content\/uploads\/2024\/02\/bf550144-2cc7-4cad-8144-53f1b65dbb22-300x225.jpg 300w, https:\/\/conniebalduzzi.me\/wp-content\/uploads\/2024\/02\/bf550144-2cc7-4cad-8144-53f1b65dbb22-768x576.jpg 768w, https:\/\/conniebalduzzi.me\/wp-content\/uploads\/2024\/02\/bf550144-2cc7-4cad-8144-53f1b65dbb22.jpg 1280w\" sizes=\"auto, (max-width: 1020px) 100vw, 1020px\" \/>\t\t\t\t\t\t\n\t\t\t\t\t<\/div>\n\t\t\t\t\t\t\t\t\n<style>\n#image_330155933 {\n  width: 100%;\n}\n<\/style>\n\t<\/div>\n\t\n\n<p>Es una reconocida dise\u00f1adora de vestuario italo\/argentina. Entre sus trabajos se pueden destacar varias producciones internacionales: \u201cBlood The Last Vampire\u201d (2009) , \u201cLucky Luke\u201d (2009), \u201cThe German Friend\u201d (2012), \u201cFocus\u201d (2015), \u201cTini el gran cambio de Violeta\u201d(2016) \u201cColonia\u201d (2017), \u201cOperation Finale\u201d (2018) \u201cUn Crimen Argentino\u201d (2022) Nominada a los \u00a8Premios Condor de Plata\u00a8 y \u00a8Premios Sur\u00a8 \u201cNADA\u201d (2023). En 2004 filmo \u201cEl Rat\u00f3n P\u00e9rez\u201d su primera pel\u00edcula como dise\u00f1adora de vestuario, por la que fue nominada a los Premios C\u00f3ndor de Plata. En 2003 obtuvo una menci\u00f3n especial al mejor vestuario original en el IV Certamen Nacional de Teatro Infantil por su trabajo en la obra \u201cHeidi\u201d.\u00a0 Trabajo con importantes actores internacionales entre ellos Sir Ben Kingsley, Emma Watson, Will Smith, Daniel Bruhl, Oscar Isaac, Melanie Laurent, Ricardo Darin, Francesc Orella, Angela Molina, Peter Stauss, Luis Brandoni, Robert De Niro, entre otros. En el 2018 comenz\u00f3 a colaborar en producciones para plataformas. Por \u201cMaradona Sue\u00f1o Bendito\u201d(2021)\u00a0\u00a0su primer trabajo en series est\u00e1 nominada a los Premios C\u00f3ndor de Plata al mejor dise\u00f1o vestuario. Sus proyectos mas recientes fueron\u00a0\u00a0en colaboraci\u00f3n con los directores Mariano Cohn y Gast\u00f3n Duprat en la serie NADA, El ENCARGADO, BELLAS ARTES Nominada a los Premios Yvonne Blake y HOMO ARGENTUM Nominada a los Premios Martin Fierro por mejor dise\u00f1o de vestuario.<\/p>\n<a href=\"https:\/\/conniebalduzzi.me\/wp-content\/uploads\/2024\/02\/CV-Connie-Balduzzi-1-4.pdf\" target=\"_blank\" class=\"button white is-outline\" rel=\"noopener\"  >\n\t\t<span>Descargar CV<\/span>\n\t<\/a>\n\n\n\n\t\t<\/div>\n\t\t\t\t\t<\/div>\n\n\t\n\n<\/div>\n\n","protected":false},"excerpt":{"rendered":"","protected":false},"author":1,"featured_media":0,"parent":0,"menu_order":0,"comment_status":"closed","ping_status":"closed","template":"","meta":{"footnotes":""},"class_list":["post-26","page","type-page","status-publish","hentry"],"_links":{"self":[{"href":"https:\/\/conniebalduzzi.me\/index.php?rest_route=\/wp\/v2\/pages\/26","targetHints":{"allow":["GET"]}}],"collection":[{"href":"https:\/\/conniebalduzzi.me\/index.php?rest_route=\/wp\/v2\/pages"}],"about":[{"href":"https:\/\/conniebalduzzi.me\/index.php?rest_route=\/wp\/v2\/types\/page"}],"author":[{"embeddable":true,"href":"https:\/\/conniebalduzzi.me\/index.php?rest_route=\/wp\/v2\/users\/1"}],"replies":[{"embeddable":true,"href":"https:\/\/conniebalduzzi.me\/index.php?rest_route=%2Fwp%2Fv2%2Fcomments&post=26"}],"version-history":[{"count":10,"href":"https:\/\/conniebalduzzi.me\/index.php?rest_route=\/wp\/v2\/pages\/26\/revisions"}],"predecessor-version":[{"id":782,"href":"https:\/\/conniebalduzzi.me\/index.php?rest_route=\/wp\/v2\/pages\/26\/revisions\/782"}],"wp:attachment":[{"href":"https:\/\/conniebalduzzi.me\/index.php?rest_route=%2Fwp%2Fv2%2Fmedia&parent=26"}],"curies":[{"name":"wp","href":"https:\/\/api.w.org\/{rel}","templated":true}]}}